{"id":4768,"date":"2024-10-30T18:51:39","date_gmt":"2024-10-30T21:51:39","guid":{"rendered":"https:\/\/investors.grupofalabella.com\/?page_id=4768"},"modified":"2026-03-25T09:57:32","modified_gmt":"2026-03-25T12:57:32","slug":"stock-data","status":"publish","type":"page","link":"https:\/\/investors.grupofalabella.com\/english\/investors\/stock-data\/","title":{"rendered":"Stock data"},"content":{"rendered":"\n<div class=\"wp-block-group has-global-padding is-layout-constrained wp-container-core-group-is-layout-3 wp-block-group-is-layout-constrained\" style=\"margin-top:var(--wp--preset--spacing--70);margin-bottom:var(--wp--preset--spacing--70)\">\n<p class=\"site-breadcrumbs\" id=\"breadcrumbs\">\n\t<span>\n\t\t<span class='breadcrumb_last' aria-current='page'>Inicio<\/span>\t<\/span>\n<\/p>\n\n\n\n\n\n<div class=\"wp-block-group pattern-title-with-epigraph has-global-padding is-content-justification-left is-layout-constrained wp-container-core-group-is-layout-1 wp-block-group-is-layout-constrained\" style=\"margin-top:var(--wp--preset--spacing--25);padding-top:0\">\n<h2 class=\"wp-block-heading has-xx-large-font-size\" style=\"margin-top:0;margin-bottom:0;line-height:1.2\">Stock data<\/h2>\n\n\n<iframe loading=\"lazy\" class=\"bolsadesantiago-iframe alignfull\" src=\"https:\/\/falabella-il.bolsadesantiago.com\/principal\/en\" width=\"1200\" height=\"1300\" frameborder=\"0\" allowfullscreen><\/iframe>\n<\/div>\n\n\n\n<div class=\"wp-block-group has-global-padding is-layout-constrained wp-block-group-is-layout-constrained\">\n<p><\/p>\n\n\n\n<h2 class=\"wp-block-heading\">Analyst Coverage<\/h2>\n\n\n\n<figure class=\"wp-block-table is-style-table-minimal\"><table class=\"has-fixed-layout\"><tbody><tr><td class=\"has-text-align-left\" data-align=\"left\"><strong><strong>Firm<\/strong><\/strong><\/td><td><strong><strong>Analyst<\/strong><\/strong><\/td><td class=\"has-text-align-left\" data-align=\"left\"><strong><strong>E-mail<\/strong><\/strong><\/td><\/tr><tr><td class=\"has-text-align-left\" data-align=\"left\">Banchile<\/td><td>Sof\u00eda Fal\u00fa<\/td><td class=\"has-text-align-left\" data-align=\"left\">sfalu@banchile.cl<\/td><\/tr><tr><td class=\"has-text-align-left\" data-align=\"left\">Bank of America<\/td><td>Robert Ford<\/td><td class=\"has-text-align-left\" data-align=\"left\">robert.e.ford@bofa.cl<\/td><\/tr><tr><td class=\"has-text-align-left\" data-align=\"left\">BCI<\/td><td>Flavio Nicovani<\/td><td class=\"has-text-align-left\" data-align=\"left\">flavio.nicovani@bci.cl<\/td><\/tr><tr><td class=\"has-text-align-left\" data-align=\"left\">BICE<\/td><td>Eduardo Ramirez<\/td><td class=\"has-text-align-left\" data-align=\"left\">eduardo.ramirez@bice.cl<\/td><\/tr><tr><td class=\"has-text-align-left\" data-align=\"left\">BTG Pactual<\/td><td>Alonso Aramburu<\/td><td class=\"has-text-align-left\" data-align=\"left\">alonso.aramburu@btgpactual.com<\/td><\/tr><tr><td class=\"has-text-align-left\" data-align=\"left\">Credicorp Capital<\/td><td>Macarena Gutierrez<\/td><td class=\"has-text-align-left\" data-align=\"left\">mgutierreza@credicorpcapital.com<\/td><\/tr><tr><td class=\"has-text-align-left\" data-align=\"left\">Goldman Sachs<\/td><td>Irma Sgarz<\/td><td class=\"has-text-align-left\" data-align=\"left\">irma.sgarz@gs.com<\/td><\/tr><tr><td class=\"has-text-align-left\" data-align=\"left\">Ita\u00fa BBA<\/td><td>Joel Lederman<\/td><td class=\"has-text-align-left\" data-align=\"left\">joel.ledermanscholem@itau.cl<\/td><\/tr><tr><td class=\"has-text-align-left\" data-align=\"left\">Jefferies<\/td><td>Alex Wright<\/td><td class=\"has-text-align-left\" data-align=\"left\">awright5@jefferies.com<\/td><\/tr><tr><td class=\"has-text-align-left\" data-align=\"left\">J.P. Morgan<\/td><td>Nicol\u00e1s Larra\u00edn<\/td><td class=\"has-text-align-left\" data-align=\"left\">nicolas.larrain@jpmorgan.com<\/td><\/tr><tr><td class=\"has-text-align-left\" data-align=\"left\">Larra\u00edn Vial<\/td><td>Guillermo Edwards<\/td><td class=\"has-text-align-left\" data-align=\"left\">gedwards@larrainvial.com<\/td><\/tr><tr><td class=\"has-text-align-left\" data-align=\"left\">Morgan Stanley<\/td><td>Andrew Ruben<\/td><td class=\"has-text-align-left\" data-align=\"left\">andrew.ruben@morganstanley.com<\/td><\/tr><tr><td class=\"has-text-align-left\" data-align=\"left\">Santander<\/td><td>Felipe Ballevona<\/td><td class=\"has-text-align-left\" data-align=\"left\">felipe.ballevona@santander.cl<\/td><\/tr><tr><td class=\"has-text-align-left\" data-align=\"left\">Scotiabank<\/td><td>H\u00e9ctor Maya<\/td><td class=\"has-text-align-left\" data-align=\"left\">hector.maya@scotiabank.com<\/td><\/tr><\/tbody><\/table><\/figure>\n<\/div>\n<\/div>\n\n\n\n<p><\/p>\n","protected":false},"excerpt":{"rendered":"<p>Stock data Analyst Coverage Firm Analyst E-mail Banchile Sof\u00eda Fal\u00fa sfalu@banchile.cl Bank of America Robert Ford robert.e.ford@bofa.cl BCI Flavio Nicovani flavio.nicovani@bci.cl BICE Eduardo Ramirez eduardo.ramirez@bice.cl BTG Pactual Alonso Aramburu alonso.aramburu@btgpactual.com Credicorp Capital Macarena Gutierrez mgutierreza@credicorpcapital.com Goldman Sachs Irma Sgarz irma.sgarz@gs.com Ita\u00fa BBA Joel Lederman joel.ledermanscholem@itau.cl Jefferies Alex Wright awright5@jefferies.com J.P. Morgan Nicol\u00e1s Larra\u00edn nicolas.larrain@jpmorgan.com Larra\u00edn [&hellip;]<\/p>\n","protected":false},"author":1,"featured_media":8116,"parent":28,"menu_order":4,"comment_status":"closed","ping_status":"closed","template":"","meta":{"footnotes":""},"class_list":["post-4768","page","type-page","status-publish","has-post-thumbnail","hentry"],"yoast_head":"<!-- This site is optimized with the Yoast SEO plugin v24.1 - https:\/\/yoast.com\/wordpress\/plugins\/seo\/ -->\n<title>Stock data - Falabella (English version)<\/title>\n<meta name=\"robots\" content=\"index, follow, max-snippet:-1, max-image-preview:large, max-video-preview:-1\" \/>\n<link rel=\"canonical\" href=\"https:\/\/investors.grupofalabella.com\/english\/investors\/stock-data\/\" \/>\n<meta property=\"og:locale\" content=\"en_US\" \/>\n<meta property=\"og:type\" content=\"article\" \/>\n<meta property=\"og:title\" content=\"Stock data - Falabella (English version)\" \/>\n<meta property=\"og:description\" content=\"Stock data Analyst Coverage Firm Analyst E-mail Banchile Sof\u00eda Fal\u00fa sfalu@banchile.cl Bank of America Robert Ford robert.e.ford@bofa.cl BCI Flavio Nicovani flavio.nicovani@bci.cl BICE Eduardo Ramirez eduardo.ramirez@bice.cl BTG Pactual Alonso Aramburu alonso.aramburu@btgpactual.com Credicorp Capital Macarena Gutierrez mgutierreza@credicorpcapital.com Goldman Sachs Irma Sgarz irma.sgarz@gs.com Ita\u00fa BBA Joel Lederman joel.ledermanscholem@itau.cl Jefferies Alex Wright awright5@jefferies.com J.P. Morgan Nicol\u00e1s Larra\u00edn nicolas.larrain@jpmorgan.com Larra\u00edn [&hellip;]\" \/>\n<meta property=\"og:url\" content=\"https:\/\/investors.grupofalabella.com\/english\/investors\/stock-data\/\" \/>\n<meta property=\"og:site_name\" content=\"Falabella (English version)\" \/>\n<meta property=\"article:modified_time\" content=\"2026-03-25T12:57:32+00:00\" \/>\n<meta property=\"og:image\" content=\"https:\/\/investors.grupofalabella.com\/app\/uploads\/sites\/2\/2024\/12\/header-investor2.jpg\" \/>\n\t<meta property=\"og:image:width\" content=\"1600\" \/>\n\t<meta property=\"og:image:height\" content=\"675\" \/>\n\t<meta property=\"og:image:type\" content=\"image\/jpeg\" \/>\n<meta name=\"twitter:card\" content=\"summary_large_image\" \/>\n<meta name=\"twitter:label1\" content=\"Est. reading time\" \/>\n\t<meta name=\"twitter:data1\" content=\"1 minute\" \/>\n<script type=\"application\/ld+json\" class=\"yoast-schema-graph\">{\"@context\":\"https:\/\/schema.org\",\"@graph\":[{\"@type\":\"WebPage\",\"@id\":\"https:\/\/investors.grupofalabella.com\/english\/investors\/stock-data\/\",\"url\":\"https:\/\/investors.grupofalabella.com\/english\/investors\/stock-data\/\",\"name\":\"Stock data - Falabella (English version)\",\"isPartOf\":{\"@id\":\"https:\/\/investors.grupofalabella.com\/english\/#website\"},\"primaryImageOfPage\":{\"@id\":\"https:\/\/investors.grupofalabella.com\/english\/investors\/stock-data\/#primaryimage\"},\"image\":{\"@id\":\"https:\/\/investors.grupofalabella.com\/english\/investors\/stock-data\/#primaryimage\"},\"thumbnailUrl\":\"https:\/\/investors.grupofalabella.com\/app\/uploads\/sites\/2\/2024\/12\/header-investor2.jpg\",\"datePublished\":\"2024-10-30T21:51:39+00:00\",\"dateModified\":\"2026-03-25T12:57:32+00:00\",\"breadcrumb\":{\"@id\":\"https:\/\/investors.grupofalabella.com\/english\/investors\/stock-data\/#breadcrumb\"},\"inLanguage\":\"en-US\",\"potentialAction\":[{\"@type\":\"ReadAction\",\"target\":[\"https:\/\/investors.grupofalabella.com\/english\/investors\/stock-data\/\"]}]},{\"@type\":\"ImageObject\",\"inLanguage\":\"en-US\",\"@id\":\"https:\/\/investors.grupofalabella.com\/english\/investors\/stock-data\/#primaryimage\",\"url\":\"https:\/\/investors.grupofalabella.com\/app\/uploads\/sites\/2\/2024\/12\/header-investor2.jpg\",\"contentUrl\":\"https:\/\/investors.grupofalabella.com\/app\/uploads\/sites\/2\/2024\/12\/header-investor2.jpg\",\"width\":1600,\"height\":675},{\"@type\":\"BreadcrumbList\",\"@id\":\"https:\/\/investors.grupofalabella.com\/english\/investors\/stock-data\/#breadcrumb\",\"itemListElement\":[{\"@type\":\"ListItem\",\"position\":1,\"name\":\"Home\",\"item\":\"https:\/\/investors.grupofalabella.com\/english\/\"},{\"@type\":\"ListItem\",\"position\":2,\"name\":\"Investors\",\"item\":\"https:\/\/investors.grupofalabella.com\/english\/investors\/\"},{\"@type\":\"ListItem\",\"position\":3,\"name\":\"Stock data\"}]},{\"@type\":\"WebSite\",\"@id\":\"https:\/\/investors.grupofalabella.com\/english\/#website\",\"url\":\"https:\/\/investors.grupofalabella.com\/english\/\",\"name\":\"Falabella\",\"description\":\"\",\"potentialAction\":[{\"@type\":\"SearchAction\",\"target\":{\"@type\":\"EntryPoint\",\"urlTemplate\":\"https:\/\/investors.grupofalabella.com\/english\/?s={search_term_string}\"},\"query-input\":{\"@type\":\"PropertyValueSpecification\",\"valueRequired\":true,\"valueName\":\"search_term_string\"}}],\"inLanguage\":\"en-US\"}]}<\/script>\n<!-- \/ Yoast SEO plugin. -->","yoast_head_json":{"title":"Stock data - Falabella (English version)","robots":{"index":"index","follow":"follow","max-snippet":"max-snippet:-1","max-image-preview":"max-image-preview:large","max-video-preview":"max-video-preview:-1"},"canonical":"https:\/\/investors.grupofalabella.com\/english\/investors\/stock-data\/","og_locale":"en_US","og_type":"article","og_title":"Stock data - Falabella (English version)","og_description":"Stock data Analyst Coverage Firm Analyst E-mail Banchile Sof\u00eda Fal\u00fa sfalu@banchile.cl Bank of America Robert Ford robert.e.ford@bofa.cl BCI Flavio Nicovani flavio.nicovani@bci.cl BICE Eduardo Ramirez eduardo.ramirez@bice.cl BTG Pactual Alonso Aramburu alonso.aramburu@btgpactual.com Credicorp Capital Macarena Gutierrez mgutierreza@credicorpcapital.com Goldman Sachs Irma Sgarz irma.sgarz@gs.com Ita\u00fa BBA Joel Lederman joel.ledermanscholem@itau.cl Jefferies Alex Wright awright5@jefferies.com J.P. Morgan Nicol\u00e1s Larra\u00edn nicolas.larrain@jpmorgan.com Larra\u00edn [&hellip;]","og_url":"https:\/\/investors.grupofalabella.com\/english\/investors\/stock-data\/","og_site_name":"Falabella (English version)","article_modified_time":"2026-03-25T12:57:32+00:00","og_image":[{"width":1600,"height":675,"url":"https:\/\/investors.grupofalabella.com\/app\/uploads\/sites\/2\/2024\/12\/header-investor2.jpg","type":"image\/jpeg"}],"twitter_card":"summary_large_image","twitter_misc":{"Est. reading time":"1 minute"},"schema":{"@context":"https:\/\/schema.org","@graph":[{"@type":"WebPage","@id":"https:\/\/investors.grupofalabella.com\/english\/investors\/stock-data\/","url":"https:\/\/investors.grupofalabella.com\/english\/investors\/stock-data\/","name":"Stock data - Falabella (English version)","isPartOf":{"@id":"https:\/\/investors.grupofalabella.com\/english\/#website"},"primaryImageOfPage":{"@id":"https:\/\/investors.grupofalabella.com\/english\/investors\/stock-data\/#primaryimage"},"image":{"@id":"https:\/\/investors.grupofalabella.com\/english\/investors\/stock-data\/#primaryimage"},"thumbnailUrl":"https:\/\/investors.grupofalabella.com\/app\/uploads\/sites\/2\/2024\/12\/header-investor2.jpg","datePublished":"2024-10-30T21:51:39+00:00","dateModified":"2026-03-25T12:57:32+00:00","breadcrumb":{"@id":"https:\/\/investors.grupofalabella.com\/english\/investors\/stock-data\/#breadcrumb"},"inLanguage":"en-US","potentialAction":[{"@type":"ReadAction","target":["https:\/\/investors.grupofalabella.com\/english\/investors\/stock-data\/"]}]},{"@type":"ImageObject","inLanguage":"en-US","@id":"https:\/\/investors.grupofalabella.com\/english\/investors\/stock-data\/#primaryimage","url":"https:\/\/investors.grupofalabella.com\/app\/uploads\/sites\/2\/2024\/12\/header-investor2.jpg","contentUrl":"https:\/\/investors.grupofalabella.com\/app\/uploads\/sites\/2\/2024\/12\/header-investor2.jpg","width":1600,"height":675},{"@type":"BreadcrumbList","@id":"https:\/\/investors.grupofalabella.com\/english\/investors\/stock-data\/#breadcrumb","itemListElement":[{"@type":"ListItem","position":1,"name":"Home","item":"https:\/\/investors.grupofalabella.com\/english\/"},{"@type":"ListItem","position":2,"name":"Investors","item":"https:\/\/investors.grupofalabella.com\/english\/investors\/"},{"@type":"ListItem","position":3,"name":"Stock data"}]},{"@type":"WebSite","@id":"https:\/\/investors.grupofalabella.com\/english\/#website","url":"https:\/\/investors.grupofalabella.com\/english\/","name":"Falabella","description":"","potentialAction":[{"@type":"SearchAction","target":{"@type":"EntryPoint","urlTemplate":"https:\/\/investors.grupofalabella.com\/english\/?s={search_term_string}"},"query-input":{"@type":"PropertyValueSpecification","valueRequired":true,"valueName":"search_term_string"}}],"inLanguage":"en-US"}]}},"_links":{"self":[{"href":"https:\/\/investors.grupofalabella.com\/english\/wp-json\/wp\/v2\/pages\/4768","targetHints":{"allow":["GET"]}}],"collection":[{"href":"https:\/\/investors.grupofalabella.com\/english\/wp-json\/wp\/v2\/pages"}],"about":[{"href":"https:\/\/investors.grupofalabella.com\/english\/wp-json\/wp\/v2\/types\/page"}],"author":[{"embeddable":true,"href":"https:\/\/investors.grupofalabella.com\/english\/wp-json\/wp\/v2\/users\/1"}],"replies":[{"embeddable":true,"href":"https:\/\/investors.grupofalabella.com\/english\/wp-json\/wp\/v2\/comments?post=4768"}],"version-history":[{"count":15,"href":"https:\/\/investors.grupofalabella.com\/english\/wp-json\/wp\/v2\/pages\/4768\/revisions"}],"predecessor-version":[{"id":9571,"href":"https:\/\/investors.grupofalabella.com\/english\/wp-json\/wp\/v2\/pages\/4768\/revisions\/9571"}],"up":[{"embeddable":true,"href":"https:\/\/investors.grupofalabella.com\/english\/wp-json\/wp\/v2\/pages\/28"}],"wp:featuredmedia":[{"embeddable":true,"href":"https:\/\/investors.grupofalabella.com\/english\/wp-json\/wp\/v2\/media\/8116"}],"wp:attachment":[{"href":"https:\/\/investors.grupofalabella.com\/english\/wp-json\/wp\/v2\/media?parent=4768"}],"curies":[{"name":"wp","href":"https:\/\/api.w.org\/{rel}","templated":true}]}}